{"id":18,"date":"2023-03-27T15:50:03","date_gmt":"2023-03-27T13:50:03","guid":{"rendered":"https:\/\/dud.dwagner.one\/?page_id=18"},"modified":"2023-03-30T10:25:33","modified_gmt":"2023-03-30T08:25:33","slug":"interview-mit-fe-mdl","status":"publish","type":"page","link":"https:\/\/dud.dwagner.one\/?page_id=18","title":{"rendered":"Interview mit Fabian Ehmann, MdL"},"content":{"rendered":"\n<p><em>Wer sind Sie und was machen Sie beruflich?<\/em><\/p>\n\n\n\n<p>Mein Name ist Fabian Ehmann, ich bin 29 Jahre alt und komme aus Mainz. Ich habe mein Abitur 2012 in Mainz am Gutenberg-Gymnasium absolviert. Anschlie\u00dfend habe ich am Umweltcampus in Birkenfeld im Bachelor &#8222;Erneuerbare Energie&#8220; und in Darmstadt im Master &#8222;Energiewirtschaft&#8220; studiert. Nach dem Studium habe ich als Projektentwickler in der Windenergiebranche gearbeitet.<\/p>\n\n\n\n<p>Seit 2021 bin ich f\u00fcr die Partei B\u00fcndnis 90\/Die Gr\u00fcnen Mitglied des Landtages in Rheinland-Pfalz und hier f\u00fcr meine Fraktion Sprecher f\u00fcr Energie und Klima, Waldpolitik, Gr\u00fcndungen, Europa und eine Welt sowie Jugendpolitik. Au\u00dferdem bin ich Mitglied in den Aussch\u00fcssen Klima, Energie und Mobilit\u00e4t sowie Europa und eine Welt.<\/p>\n\n\n\n<p><em>Was war Ihre Motivation, das Thema Wald zu ihrem Fachgebiet zu machen?<\/em><\/p>\n\n\n\n<p>Ich w\u00e4hlte das Fachgebiet Wald bei den Gr\u00fcnen, da vor allem im Wald die Auswirkungen des Klimawandels deutlich werden. Zudem haben die Menschen seit jeher eine starke emotionale Bindung zum Wald.<\/p>\n\n\n\n<p><em>Welchen Nutzen hat der Wald f\u00fcr die Gesellschaft?<\/em><\/p>\n\n\n\n<p>Der Wald ist ein nat\u00fcrlicher Klimasch\u00fctzer sowie ein essenzieller Lieferant nat\u00fcrlicher Rohstoffe. Au\u00dferdem dient er der Gesellschaft als Naherholungsraum.<\/p>\n\n\n\n<p><em>Machen Sie sich Sorgen um unsere W\u00e4lder?<\/em><\/p>\n\n\n\n<p>Ja, ich denke, wir alle machen uns gro\u00dfe Sorgen um den Wald. Wenn Sie sich den Waldzustandsbericht anschauen, werden Sie sehen, dass etwa vier von f\u00fcnf B\u00e4umen in unseren W\u00e4ldern gesch\u00e4digt sind, das hei\u00dft etwa 80% unserer B\u00e4ume sind von Sch\u00e4digungen betroffen. Gerade bei uns im S\u00fcden haben wir ein weit verbreitetes Sterben von Fichten und Buchen, zur\u00fcckzuf\u00fchren auf Faktoren wie den Klimawandel, Parasiten und Trockenheit.<\/p>\n\n\n\n<p><em>Wie kann man die Erhaltung des Waldes sicherstellen?<\/em><\/p>\n\n\n\n<p>F\u00fcr die Erhaltung des Waldes ist eine regelm\u00e4\u00dfige Verj\u00fcngung von Bedeutung; f\u00fcr eine nat\u00fcrliche Verj\u00fcngung ist eine an die Vegetation angepasste Regulierung des Wildbestandes notwendig. Um einen lange bestehenden, gesunden Wald zu haben, m\u00fcssen wir ein gesundes, resistentes Mischwaldverh\u00e4ltnis anstreben, welches an die Umweltbedingungen angepasst ist.<\/p>\n\n\n\n<p><em>Was sind Ihre politischen Ziele f\u00fcr die n\u00e4chsten Jahre?<\/em><\/p>\n\n\n\n<p>Ich denke, es ist wichtig, zu einem gesunden Mischwaldverh\u00e4ltnis zu kommen, daf\u00fcr muss man mehr positive Anreize f\u00fcr Waldbesitzer setzen. Diese Anreize sollten durch Pr\u00e4mien erreicht werden. Es gibt solche Pr\u00e4mien bereits auf Bundesebene, wie zum Beispiel die Waldklimapr\u00e4mie. \u00dcber die Legislaturperiode sollen Gelder in H\u00f6he von 900 Millionen Euro f\u00fcr solche Pr\u00e4mien eingesetzt werden. Wie die \u00d6kosystemdienstleistungen honoriert werden, sieht man im daf\u00fcr angelegten Pr\u00e4mienkatalog.&nbsp;<\/p>\n\n\n\n<p>Au\u00dferdem ist es wichtig, ein zeitgem\u00e4\u00dfes Jagdgesetz umzusetzen, um die Verj\u00fcngung von W\u00e4ldern zu garantieren. Ein weiterer wichtiger Punkt ist der Nachwuchs im Forst, man ben\u00f6tigt fachlich gut ausgebildet Forstarbeiter, um besser auf die Folgen des Klimawandels reagieren zu k\u00f6nnen.<\/p>\n\n\n\n<p><em>Wie kann man der Gesellschaft den Wald n\u00e4herbringen?<\/em><\/p>\n\n\n\n<p>Man muss die Gesellschaft mehr f\u00fcr den Wald sensibilisieren und mehr naturnahe Aufenthaltsorte schaffen. So kann man sicherstellen, dass sich die Leute an unproblematischen Stellen aufhalten und nicht in gef\u00e4hrdeten \u00d6kosystemen. Zudem bin ich der Meinung, dass man mehr Naturp\u00e4dagogen an Schulen einsetzen sollte.<\/p>\n\n\n\n<p><em>Was kann die Gesellschaft und speziell die Jugend f\u00fcr die W\u00e4lder machen?<\/em><\/p>\n\n\n\n<p>Jugendliche k\u00f6nnen durch ein F\u00d6J (Freiwilliges \u00d6kologisches Jahr) oder ein Praktikum bei Landesforsten ihren Teil beitragen. Zus\u00e4tzlich finde ich Veranstaltungen wie Fridays for Future sehr empfehlenswert.<\/p>\n\n\n\n<p><em>Finden sie Projekte wie das im Bienwald gut, und sollten solche Projekte landesweit ausgeweitet werden?<\/em><\/p>\n\n\n\n<p>Ja, ich bin Fan von solchen Projekten und bin f\u00fcr die Ausweitung solcher Projekte!<\/p>\n\n\n\n<p><em>Vielen Dank f\u00fcr das Interview!<\/em><\/p>\n\n\n\n<figure class=\"wp-block-image size-large wp-duotone-unset-1\"><img loading=\"lazy\" decoding=\"async\" width=\"1024\" height=\"768\" src=\"https:\/\/dud.dwagner.one\/wp-content\/uploads\/2023\/03\/Ehmann-1024x768.jpg\" alt=\"\" class=\"wp-image-47\" srcset=\"https:\/\/dud.dwagner.one\/wp-content\/uploads\/2023\/03\/Ehmann-1024x768.jpg 1024w, https:\/\/dud.dwagner.one\/wp-content\/uploads\/2023\/03\/Ehmann-300x225.jpg 300w, https:\/\/dud.dwagner.one\/wp-content\/uploads\/2023\/03\/Ehmann-768x576.jpg 768w, https:\/\/dud.dwagner.one\/wp-content\/uploads\/2023\/03\/Ehmann-1536x1152.jpg 1536w, https:\/\/dud.dwagner.one\/wp-content\/uploads\/2023\/03\/Ehmann.jpg 1920w\" sizes=\"auto, (max-width: 1024px) 100vw, 1024px\" \/><figcaption class=\"wp-element-caption\">Hr. Ehmann (im Bildschirm), Emil, Valentin, Jannis (v.l.n.r., Julia und Lea fehlen)<\/figcaption><\/figure>\n","protected":false},"excerpt":{"rendered":"<p>Wer sind Sie und was machen Sie beruflich? Mein Name ist Fabian Ehmann, ich bin 29 Jahre alt und komme aus Mainz. Ich habe mein Abitur 2012 in Mainz am Gutenberg-Gymnasium absolviert. Anschlie\u00dfend habe ich am Umweltcampus in Birkenfeld im Bachelor &#8222;Erneuerbare Energie&#8220; und in Darmstadt im Master &#8222;Energiewirtschaft&#8220; studiert. Nach dem Studium habe ich [&hellip;]<\/p>\n","protected":false},"author":1,"featured_media":0,"parent":0,"menu_order":0,"comment_status":"closed","ping_status":"closed","template":"","meta":{"footnotes":""},"class_list":["post-18","page","type-page","status-publish","hentry"],"_links":{"self":[{"href":"https:\/\/dud.dwagner.one\/index.php?rest_route=\/wp\/v2\/pages\/18","targetHints":{"allow":["GET"]}}],"collection":[{"href":"https:\/\/dud.dwagner.one\/index.php?rest_route=\/wp\/v2\/pages"}],"about":[{"href":"https:\/\/dud.dwagner.one\/index.php?rest_route=\/wp\/v2\/types\/page"}],"author":[{"embeddable":true,"href":"https:\/\/dud.dwagner.one\/index.php?rest_route=\/wp\/v2\/users\/1"}],"replies":[{"embeddable":true,"href":"https:\/\/dud.dwagner.one\/index.php?rest_route=%2Fwp%2Fv2%2Fcomments&post=18"}],"version-history":[{"count":5,"href":"https:\/\/dud.dwagner.one\/index.php?rest_route=\/wp\/v2\/pages\/18\/revisions"}],"predecessor-version":[{"id":64,"href":"https:\/\/dud.dwagner.one\/index.php?rest_route=\/wp\/v2\/pages\/18\/revisions\/64"}],"wp:attachment":[{"href":"https:\/\/dud.dwagner.one\/index.php?rest_route=%2Fwp%2Fv2%2Fmedia&parent=18"}],"curies":[{"name":"wp","href":"https:\/\/api.w.org\/{rel}","templated":true}]}}