{"id":22,"date":"2023-03-27T15:51:32","date_gmt":"2023-03-27T13:51:32","guid":{"rendered":"https:\/\/dud.dwagner.one\/?page_id=22"},"modified":"2023-03-30T10:27:11","modified_gmt":"2023-03-30T08:27:11","slug":"was-kann-ich-zum-fortbestehen-der-waelder-beitragen","status":"publish","type":"page","link":"https:\/\/dud.dwagner.one\/?page_id=22","title":{"rendered":"WAS KANN ICH ZUM FORTBESTEHEN UNSERER W\u00c4LDER BEITRAGEN?"},"content":{"rendered":"\n<p>Im Rahmen unserer Recherchen haben wir einige Dinge herausgefunden, wie man dem Wald helfen kann. Hier sind diese zusammengestellt, damit auch du den W\u00e4ldern helfen kannst.<\/p>\n\n\n\n<ol class=\"wp-block-list\" type=\"1\">\n<li>Mich dar\u00fcber informieren, wie es dem Wald geht &#8211; nur, wer wei\u00df, wie es um den Wald bestellt ist, kann ihm aktiv helfen. Informationen bekommt man beispielsweise durch den Waldzustandsbericht, der jedes Jahr ver\u00f6ffentlicht wird.<\/li>\n\n\n\n<li>Den Wald nicht verschmutzen &#8211; unsere W\u00e4lder k\u00e4mpfen aktuell ums \u00dcberleben. Das m\u00fcssen wir nicht verst\u00e4rken, indem wir ihn mit unserem M\u00fcll belasten.<\/li>\n\n\n\n<li>K\u00e4mpfe gegen den Klimawandel &#8211; die gr\u00f6\u00dfte Herausforderung f\u00fcr unsere W\u00e4lder ist aktuell der Klimawandel. Mit allem, was man gegen den Klimawandel unternimmt, hilft man auch dem Wald.<\/li>\n\n\n\n<li>Bei Waldschutzaktionen mitmachen &#8211; regelm\u00e4\u00dfig finden Pflanzaktion in abgestorbenen W\u00e4ldern statt, auch gibt es jedes Jahr die &#8222;Aktion saubere Landschaft&#8220;. Informiere dich, wo du dem Wald bei dir vor Ort helfen kannst!<\/li>\n\n\n\n<li>Den Wald nutzen &#8211; man sollte nicht aus Angst dem Wald fernbleiben, sondern seine Vorz\u00fcge nutzen und genie\u00dfen, um ein Bewusstsein f\u00fcr seinen Wert zu erhalten. Nat\u00fcrlich sollte man dabei auf den Wegen bleiben und keinen M\u00fcll mitbringen.<\/li>\n\n\n\n<li>Werbung machen f\u00fcr den <a rel=\"noreferrer noopener\" href=\"https:\/\/www.wald.rlp.de\/de\/wir\/beruf-weiterbildung\/\" data-type=\"URL\" data-id=\"https:\/\/www.wald.rlp.de\/de\/wir\/beruf-weiterbildung\/\" target=\"_blank\">Forstberuf <\/a>&#8211; die Forstarbeitenden sind diejenigen, die unsere W\u00e4lder fit f\u00fcr die Zukunft machen! Man kann in diesem Bereich beispielsweise ein F\u00d6J (&#8222;Freiwilliges \u00d6kologisches Jahr&#8220;) oder ein Praktikum machen, um sich \u00fcber diese Berufe zu informieren.<\/li>\n<\/ol>\n\n\n\n<figure class=\"wp-block-image size-large\"><img loading=\"lazy\" decoding=\"async\" width=\"768\" height=\"1024\" src=\"https:\/\/dud.dwagner.one\/wp-content\/uploads\/2023\/03\/MicrosoftTeams-image-5-768x1024.jpg\" alt=\"\" class=\"wp-image-65\" srcset=\"https:\/\/dud.dwagner.one\/wp-content\/uploads\/2023\/03\/MicrosoftTeams-image-5-768x1024.jpg 768w, https:\/\/dud.dwagner.one\/wp-content\/uploads\/2023\/03\/MicrosoftTeams-image-5-225x300.jpg 225w, https:\/\/dud.dwagner.one\/wp-content\/uploads\/2023\/03\/MicrosoftTeams-image-5-1152x1536.jpg 1152w, https:\/\/dud.dwagner.one\/wp-content\/uploads\/2023\/03\/MicrosoftTeams-image-5.jpg 1512w\" sizes=\"auto, (max-width: 768px) 100vw, 768px\" \/><\/figure>\n\n\n\n<p>M\u00fcll im Bienwald &#8211; nimm ihn mit und entsorge ihn!<\/p>\n","protected":false},"excerpt":{"rendered":"<p>Im Rahmen unserer Recherchen haben wir einige Dinge herausgefunden, wie man dem Wald helfen kann. Hier sind diese zusammengestellt, damit auch du den W\u00e4ldern helfen kannst. M\u00fcll im Bienwald &#8211; nimm ihn mit und entsorge ihn!<\/p>\n","protected":false},"author":1,"featured_media":0,"parent":0,"menu_order":0,"comment_status":"closed","ping_status":"closed","template":"","meta":{"footnotes":""},"class_list":["post-22","page","type-page","status-publish","hentry"],"_links":{"self":[{"href":"https:\/\/dud.dwagner.one\/index.php?rest_route=\/wp\/v2\/pages\/22","targetHints":{"allow":["GET"]}}],"collection":[{"href":"https:\/\/dud.dwagner.one\/index.php?rest_route=\/wp\/v2\/pages"}],"about":[{"href":"https:\/\/dud.dwagner.one\/index.php?rest_route=\/wp\/v2\/types\/page"}],"author":[{"embeddable":true,"href":"https:\/\/dud.dwagner.one\/index.php?rest_route=\/wp\/v2\/users\/1"}],"replies":[{"embeddable":true,"href":"https:\/\/dud.dwagner.one\/index.php?rest_route=%2Fwp%2Fv2%2Fcomments&post=22"}],"version-history":[{"count":4,"href":"https:\/\/dud.dwagner.one\/index.php?rest_route=\/wp\/v2\/pages\/22\/revisions"}],"predecessor-version":[{"id":66,"href":"https:\/\/dud.dwagner.one\/index.php?rest_route=\/wp\/v2\/pages\/22\/revisions\/66"}],"wp:attachment":[{"href":"https:\/\/dud.dwagner.one\/index.php?rest_route=%2Fwp%2Fv2%2Fmedia&parent=22"}],"curies":[{"name":"wp","href":"https:\/\/api.w.org\/{rel}","templated":true}]}}