{"id":7,"date":"2023-03-08T15:31:17","date_gmt":"2023-03-08T14:31:17","guid":{"rendered":"https:\/\/dud.dwagner.one\/?page_id=7"},"modified":"2023-03-30T10:37:55","modified_gmt":"2023-03-30T08:37:55","slug":"startseite","status":"publish","type":"page","link":"https:\/\/dud.dwagner.one\/?page_id=7","title":{"rendered":"Der Bienwald"},"content":{"rendered":"\n<p>Der Bienwald ist mit ca. 12.000 Hektar das gr\u00f6\u00dfte zusammenh\u00e4ngende Waldgebiet im rheinland-pf\u00e4lzischen Teil der Oberrheinischen Tiefebene und zugleich eine einmalige Naturlandschaft, in welcher zahlreiche seltene und gef\u00e4hrdete Tier- und Pflanzenarten vertreten sind. <\/p>\n\n\n\n<p>Im Bienwald sind viele der in Deutschland vorkommenden Arten pr\u00e4sent, weswegen der Bienwald von hoher \u00f6kologischer Bedeutung ist. <br>Der Bienwald l\u00e4sst sich in zwei Teile aufteilen, das Trockengebiet und das Nassgebiet. <\/p>\n\n\n\n<figure class=\"wp-block-gallery has-nested-images columns-default is-cropped wp-block-gallery-1 is-layout-flex wp-block-gallery-is-layout-flex\">\n<figure class=\"wp-block-image size-large\"><img loading=\"lazy\" decoding=\"async\" width=\"768\" height=\"1024\" data-id=\"68\" src=\"https:\/\/dud.dwagner.one\/wp-content\/uploads\/2023\/03\/MicrosoftTeams-image-9-768x1024.jpg\" alt=\"\" class=\"wp-image-68\" srcset=\"https:\/\/dud.dwagner.one\/wp-content\/uploads\/2023\/03\/MicrosoftTeams-image-9-768x1024.jpg 768w, https:\/\/dud.dwagner.one\/wp-content\/uploads\/2023\/03\/MicrosoftTeams-image-9-225x300.jpg 225w, https:\/\/dud.dwagner.one\/wp-content\/uploads\/2023\/03\/MicrosoftTeams-image-9-1152x1536.jpg 1152w, https:\/\/dud.dwagner.one\/wp-content\/uploads\/2023\/03\/MicrosoftTeams-image-9.jpg 1512w\" sizes=\"auto, (max-width: 768px) 100vw, 768px\" \/><\/figure>\n\n\n\n<figure class=\"wp-block-image size-large\"><img loading=\"lazy\" decoding=\"async\" width=\"768\" height=\"1024\" data-id=\"61\" src=\"https:\/\/dud.dwagner.one\/wp-content\/uploads\/2023\/03\/MicrosoftTeams-image-3-768x1024.jpg\" alt=\"\" class=\"wp-image-61\" srcset=\"https:\/\/dud.dwagner.one\/wp-content\/uploads\/2023\/03\/MicrosoftTeams-image-3-768x1024.jpg 768w, https:\/\/dud.dwagner.one\/wp-content\/uploads\/2023\/03\/MicrosoftTeams-image-3-225x300.jpg 225w, https:\/\/dud.dwagner.one\/wp-content\/uploads\/2023\/03\/MicrosoftTeams-image-3-1152x1536.jpg 1152w, https:\/\/dud.dwagner.one\/wp-content\/uploads\/2023\/03\/MicrosoftTeams-image-3.jpg 1512w\" sizes=\"auto, (max-width: 768px) 100vw, 768px\" \/><\/figure>\n<\/figure>\n\n\n\n<p>Zum Schutz und der Entwicklung dieses einzigarten Gebietes wurde 2004 das &#8222;Naturschutzgro\u00dfprojekt Bienwald&#8220; ins Leben gerufen, welches seit Beginn der Umsetzungsphase im Jahr 2009 mit etwa zehn Millionen Euro F\u00f6rdergeldern unterst\u00fctzt worden ist. Von der Planung bis zur erfolgreichen Umsetzung sind etwa 13 Jahre n\u00f6tig gewesen. <br>Im Rahmen dieses Projektes wurde ein Gebiet von 1680 Hektar Wald zu einem unbeforsteten Gebiet gemacht. Anhand der Ergebnisse des Projektes kann man erkennen, wie sich ein &#8222;Urwald von Morgen&#8220; entwickelt. <\/p>\n\n\n\n<p>Heute gilt das Projekt als abgeschlossen.<\/p>\n\n\n\n<p><\/p>\n\n\n\n<p><\/p>\n\n\n\n<p>Quellen:<\/p>\n\n\n\n<p><a href=\"https:\/\/mkuem.rlp.de\/de\/pressemeldungen\/detail\/news\/News\/detail\/katrin-eder-bienwald-wird-als-naturschutzgrossprojekt-weiter-fuer-artenvielfalt-und-regionalentwickl\/\">https:\/\/mkuem.rlp.de\/de\/pressemeldungen\/detail\/news\/News\/detail\/katrin-eder-bienwald-wird-als-naturschutzgrossprojekt-weiter-fuer-artenvielfalt-und-regionalentwickl\/<\/a><\/p>\n\n\n\n<p><a href=\"https:\/\/www.wald.rlp.de\/de\/forstamt-bienwald\/wald\/\">https:\/\/www.wald.rlp.de\/de\/forstamt-bienwald\/wald\/<\/a><\/p>\n\n\n\n<p><a href=\"https:\/\/www.pfalz-info.com\/der-bienwald\/\">https:\/\/www.pfalz-info.com\/der-bienwald\/<\/a><\/p>\n\n\n\n<p><a href=\"https:\/\/www.bienwald.eu\/foerderung\/\">https:\/\/www.bienwald.eu\/foerderung\/<\/a><\/p>\n\n\n\n<p><a href=\"https:\/\/www.bienwald.eu\/projektstruktur\/\">https:\/\/www.bienwald.eu\/projektstruktur\/<\/a> (\u2192 hier findet sich auch eine Karte des gesamten Projektgebietes)<\/p>\n","protected":false},"excerpt":{"rendered":"<p>Der Bienwald ist mit ca. 12.000 Hektar das gr\u00f6\u00dfte zusammenh\u00e4ngende Waldgebiet im rheinland-pf\u00e4lzischen Teil der Oberrheinischen Tiefebene und zugleich eine einmalige Naturlandschaft, in welcher zahlreiche seltene und gef\u00e4hrdete Tier- und Pflanzenarten vertreten sind. Im Bienwald sind viele der in Deutschland vorkommenden Arten pr\u00e4sent, weswegen der Bienwald von hoher \u00f6kologischer Bedeutung ist. Der Bienwald l\u00e4sst sich [&hellip;]<\/p>\n","protected":false},"author":1,"featured_media":0,"parent":0,"menu_order":0,"comment_status":"closed","ping_status":"closed","template":"","meta":{"footnotes":""},"class_list":["post-7","page","type-page","status-publish","hentry"],"_links":{"self":[{"href":"https:\/\/dud.dwagner.one\/index.php?rest_route=\/wp\/v2\/pages\/7","targetHints":{"allow":["GET"]}}],"collection":[{"href":"https:\/\/dud.dwagner.one\/index.php?rest_route=\/wp\/v2\/pages"}],"about":[{"href":"https:\/\/dud.dwagner.one\/index.php?rest_route=\/wp\/v2\/types\/page"}],"author":[{"embeddable":true,"href":"https:\/\/dud.dwagner.one\/index.php?rest_route=\/wp\/v2\/users\/1"}],"replies":[{"embeddable":true,"href":"https:\/\/dud.dwagner.one\/index.php?rest_route=%2Fwp%2Fv2%2Fcomments&post=7"}],"version-history":[{"count":5,"href":"https:\/\/dud.dwagner.one\/index.php?rest_route=\/wp\/v2\/pages\/7\/revisions"}],"predecessor-version":[{"id":72,"href":"https:\/\/dud.dwagner.one\/index.php?rest_route=\/wp\/v2\/pages\/7\/revisions\/72"}],"wp:attachment":[{"href":"https:\/\/dud.dwagner.one\/index.php?rest_route=%2Fwp%2Fv2%2Fmedia&parent=7"}],"curies":[{"name":"wp","href":"https:\/\/api.w.org\/{rel}","templated":true}]}}